{"id":592,"date":"2019-10-30T00:00:00","date_gmt":"2019-10-29T23:00:00","guid":{"rendered":"http:\/\/the7.dream-demo.com\/business\/?page_id=2"},"modified":"2024-09-02T15:05:18","modified_gmt":"2024-09-02T13:05:18","slug":"sample-page-2","status":"publish","type":"page","link":"https:\/\/www.delphinco.com\/","title":{"rendered":"Home"},"content":{"rendered":"<p>[vc_row][vc_column offset=&#8221;vc_hidden-md vc_hidden-sm vc_hidden-xs&#8221;][vc_raw_html]JTVCcmV2X3NsaWRlciUyMGFsaWFzJTNEJTIydGhlNy1zb2Z0d2FyZS1jb21wYW55LXNsaWRlcjUlMjIlNUQlNUIlMkZyZXZfc2xpZGVyJTVE[\/vc_raw_html][\/vc_column][\/vc_row][vc_row][vc_column offset=&#8221;vc_hidden-lg&#8221;][vc_raw_html]JTVCcmV2X3NsaWRlciUyMGFsaWFzJTNEJTIyc2xpZGVyLXN0YXItbW9iaWwlMjIlNUQ=[\/vc_raw_html][\/vc_column][\/vc_row][vc_row css=&#8221;.vc_custom_1581004024924{background-color: #f4f4f4 !important;background-position: center !important;background-repeat: no-repeat !important;background-size: contain !important;}&#8221; el_class=&#8221;box_padding box_size_2&#8243;][vc_column]<div id=\"ultimate-heading-402769eb00eedac92\" class=\"uvc-heading ult-adjust-bottom-margin ultimate-heading-402769eb00eedac92 uvc-8345 \" data-hspacer=\"no_spacer\"  data-halign=\"left\" style=\"text-align:left\"><div class=\"uvc-heading-spacer no_spacer\" style=\"top\"><\/div><div class=\"uvc-main-heading ult-responsive\"  data-ultimate-target='.uvc-heading.ultimate-heading-402769eb00eedac92 h2'  data-responsive-json-new='{\"font-size\":\"desktop:40px;tablet:40px;tablet_portrait:35px;mobile_landscape:35px;mobile:30px;\",\"line-height\":\"\"}' ><h2 style=\"font-family:&#039;Roboto&#039;;font-weight:500;\">Willkommen bei Delphinco<\/h2><\/div><\/div>[vc_empty_space height=&#8221;30&#8243;]<div id=\"ultimate-heading-199469eb00eedacc8\" class=\"uvc-heading ult-adjust-bottom-margin ultimate-heading-199469eb00eedacc8 uvc-2401 \" data-hspacer=\"no_spacer\"  data-halign=\"left\" style=\"text-align:left\"><div class=\"uvc-heading-spacer no_spacer\" style=\"top\"><\/div><div class=\"uvc-main-heading ult-responsive\"  data-ultimate-target='.uvc-heading.ultimate-heading-199469eb00eedacc8 h2'  data-responsive-json-new='{\"font-size\":\"desktop:30px;tablet:30px;tablet_portrait:28px;mobile_landscape:28px;mobile:26px;\",\"line-height\":\"\"}' ><h2 style=\"font-family:&#039;Roboto&#039;;font-weight:500;\">Wer wir sind<\/h2><\/div><div class=\"uvc-sub-heading ult-responsive\"  data-ultimate-target='.uvc-heading.ultimate-heading-199469eb00eedacc8 .uvc-sub-heading '  data-responsive-json-new='{\"font-size\":\"\",\"line-height\":\"\"}'  style=\"font-weight:normal;\"><\/p>\n<h2><a id=\"werwirsind\"><\/a><\/h2>\n<p><\/div><\/div>[vc_empty_space height=&#8221;25px&#8221;][vc_column_text el_class=&#8221;text_mobil&#8221;]Delphinco ist ein Anbieter von <span style=\"color: #183e7a;\"><b>Beratungs-, Technologie- und <\/b><b>Ingenieurdienstleistungen <\/b><\/span>mit \u00fcber <span style=\"color: #183e7a;\"><strong>30 Jahren Erfahrung<\/strong><\/span><br \/>\naus grenz\u00fcbergreifenden Projekten in unterschiedlichen Branchen. Wir begleiten Unternehmen partnerschaftlich, zugleich aber professionell und effizient in folgenden Bereichen:[\/vc_column_text][vc_column_text el_class=&#8221;list_style text_mobil&#8221;]<\/p>\n<ul>\n<li><span style=\"color: #183e7a;\"><strong>Business Transformation &amp; Operational Excellence<\/strong><\/span><\/li>\n<li><span style=\"color: #183e7a;\"><strong><strong>Aus- und Weiterbildung, Kapazit\u00e4tsaufbau <\/strong>&amp; fachliche Unterst\u00fctzung<\/strong><\/span><\/li>\n<li><span style=\"color: #183e7a;\"><strong>Freisetzung von Gesch\u00e4ftspotentialen mit den Schwellenm\u00e4rkten Westafrikas<\/strong><\/span><\/li>\n<\/ul>\n<p>[\/vc_column_text]<style type=\"text\/css\" data-type=\"the7_shortcodes-inline-css\">#default-btn-ab1578e5665caa191fd92d08f18eca9d.ico-right-side > i {\n  margin-right: 0px;\n  margin-left: 8px;\n}\n#default-btn-ab1578e5665caa191fd92d08f18eca9d > i {\n  margin-right: 8px;\n}\n<\/style><a href=\"https:\/\/www.delphinco.com\/?page_id=1815\" class=\"default-btn-shortcode dt-btn dt-btn-l fadeIn animate-element animation-builder link-hover-off btn-inline-left  vc_custom_1632835084780\" id=\"default-btn-ab1578e5665caa191fd92d08f18eca9d\"><span>Hier k\u00f6nnen Sie mehr \u00fcber uns erfahren&#8230;<\/span><\/a>[vc_empty_space height=&#8221;10px&#8221;][\/vc_column][\/vc_row][vc_row css=&#8221;.vc_custom_1579182741353{background-color: #f4f4f4 !important;background-position: center !important;background-repeat: no-repeat !important;background-size: contain !important;}&#8221; el_class=&#8221;box_padding&#8221;][vc_column]<div id=\"ultimate-heading-413969eb00eedae79\" class=\"uvc-heading ult-adjust-bottom-margin ultimate-heading-413969eb00eedae79 uvc-7355 \" data-hspacer=\"no_spacer\"  data-halign=\"left\" style=\"text-align:left\"><div class=\"uvc-heading-spacer no_spacer\" style=\"top\"><\/div><div class=\"uvc-main-heading ult-responsive\"  data-ultimate-target='.uvc-heading.ultimate-heading-413969eb00eedae79 h2'  data-responsive-json-new='{\"font-size\":\"desktop:30px;tablet:30px;tablet_portrait:28px;mobile_landscape:28px;mobile:26px;\",\"line-height\":\"\"}' ><h2 style=\"font-family:&#039;Roboto&#039;;font-weight:500;\">Was uns bewegt<\/h2><\/div><div class=\"uvc-sub-heading ult-responsive\"  data-ultimate-target='.uvc-heading.ultimate-heading-413969eb00eedae79 .uvc-sub-heading '  data-responsive-json-new='{\"font-size\":\"\",\"line-height\":\"\"}'  style=\"font-weight:normal;\"><a id=\"wasunsbewegt\"><\/a><\/div><\/div>[vc_empty_space height=&#8221;25px&#8221;][vc_column_text el_class=&#8221;text_mobil&#8221;]Wir bei Delphinco sehen uns als<span style=\"color: #183e7a;\"><b> Katalysator<\/b><\/span> f\u00fcr Ihr Wachstum. Unser Auftrag ist es, Ihre nicht ausgesch\u00f6pften Unternehmenspotentiale zu erkennen, zu aktivieren oder gar neue Wege mit Ihnen zu beschreiten.[\/vc_column_text][vc_column_text el_class=&#8221;text_mobil&#8221;]<\/p>\n<ul>\n<li><strong><span style=\"color: #3d79bd;\">Ihr Unternehmen genau auf die Anforderungen Ihrer Kunden und Ihres Marktes auszurichten und es zukunftsf\u00e4hig zu machen.<br \/>\n<\/span><\/strong><\/li>\n<li><span style=\"color: #3d79bd;\"><strong>Die Herausforderungen wie Globalisierung, Digitalisierung, Nachhaltigkeit und Fachkr\u00e4ftemangel in Ihrem lokalen Kontext aus einem Guss zu l\u00f6sen.<\/strong><\/span><\/li>\n<li><span style=\"color: #3d79bd;\"><strong>Br\u00fccken zu bauen zwischen Ihrem Unternehmen und dem westafrikanischen Markt.<\/strong><\/span><\/li>\n<\/ul>\n<p>[\/vc_column_text][vc_column_text el_class=&#8221;text_mobil&#8221;]Dies alles erreichen wir, indem wir hochqualifizierte Menschen verschiedenster Denkweisen und Disziplinen in einem Team zusammenf\u00fchren, um Ergebnisse zu erzielen, die einen sp\u00fcrbaren Unterschied machen.[\/vc_column_text][vc_empty_space height=&#8221;10&#8243;][\/vc_column][\/vc_row][vc_row css=&#8221;.vc_custom_1576764142627{background-color: #f4f4f4 !important;background-position: center !important;background-repeat: no-repeat !important;background-size: contain !important;}&#8221; el_class=&#8221;box_padding&#8221;][vc_column el_id=&#8221;#waswiranbieten&#8221;]<div id=\"ultimate-heading-985069eb00eedaec3\" class=\"uvc-heading ult-adjust-bottom-margin ultimate-heading-985069eb00eedaec3 uvc-1434 \" data-hspacer=\"no_spacer\"  data-halign=\"left\" style=\"text-align:left\"><div class=\"uvc-heading-spacer no_spacer\" style=\"top\"><\/div><div class=\"uvc-main-heading ult-responsive\"  data-ultimate-target='.uvc-heading.ultimate-heading-985069eb00eedaec3 h2'  data-responsive-json-new='{\"font-size\":\"desktop:30px;tablet:30px;tablet_portrait:28px;mobile_landscape:28px;mobile:26px;\",\"line-height\":\"\"}' ><h2 style=\"font-family:&#039;Roboto&#039;;font-weight:500;\">Was wir anbieten<\/h2><\/div><div class=\"uvc-sub-heading ult-responsive\"  data-ultimate-target='.uvc-heading.ultimate-heading-985069eb00eedaec3 .uvc-sub-heading '  data-responsive-json-new='{\"font-size\":\"\",\"line-height\":\"\"}'  style=\"font-weight:normal;\"><a id=\"waswiranbieten\"><\/a><\/div><\/div>[vc_empty_space height=&#8221;25px&#8221;][vc_column_text el_class=&#8221;text_mobil&#8221;]<\/p>\n<h4 class=\"list_headline\"><span style=\"color: #333333;\"><span style=\"color: #183e7a;\">Business Transformation &amp; Operational Excellence:<\/span> <span style=\"color: #3d79bd;\">Wir machen Unternehmen zukunftsf\u00e4hig\u00a0<\/span><\/span><\/h4>\n<ul>\n<li>An der Schnittstelle von Business und Technologie treiben wir mit fachlicher Expertise die Transformation von Unternehmen voran, um den Kunden- und Marktanforderungen gerecht zu werden.<\/li>\n<li>Wir unterst\u00fctzen unsere Kunden, Ihre Leistungs- und Wettbewerbsf\u00e4higkeit zu sichern und weiter nachhaltig zu wachsen.<\/li>\n<\/ul>\n<h4 class=\"list_headline\"><span style=\"color: #333333;\"><span style=\"color: #183e7a;\"><b>Aus- und Weiterbildung, <\/b><\/span><\/span><span style=\"color: #333333;\"><span style=\"color: #183e7a;\"><b>Kapazit\u00e4tsaufbau <\/b><b>&amp; fachliche Unterst\u00fctzung: <\/b><\/span><span style=\"color: #3d79bd;\"><b>Wir st\u00e4rken Unternehmen<\/b><\/span><\/span><\/h4>\n<ul>\n<li>Durch Aus- und Weiterbildung denken wir voraus.<\/li>\n<li>Durch Kapazit\u00e4tsaufbau helfen wir Fachkr\u00e4ften, den Arbeitsmarktanforderungen gerecht zu werden.<\/li>\n<li>Durch fachliche Unterst\u00fctzung in Technologieprojekten und mit der passenden Expertise helfen wir Unternehmen, trotz Fachkr\u00e4ftemangel ihre gesch\u00e4ftliche Entwicklung fortzusetzen.<\/li>\n<\/ul>\n<h4 class=\"list_headline\"><span style=\"color: #333333;\"><b><span style=\"color: #183e7a;\">Freisetzung von Gesch\u00e4ftspotentialen mit den Schwellenm\u00e4rkten Westafrikas: <\/span><span style=\"color: #3d79bd;\">Wir aktivieren die Gesch\u00e4ftschancen Ihres Unternehmens auf dem westafrikanischen Markt<\/span><\/b><\/span><\/h4>\n<ul>\n<li>Die globalen Entwicklungen seit 2020 zeigen ganz deutlich die Notwendigkeit der Diversifizierung von Absatzm\u00e4rkten und Lieferketten.<\/li>\n<li>Aufbauend auf unserer Marktkenntnis und unserer gesch\u00e4ftlichen Pr\u00e4senz vor Ort bieten wir Beratung, Begleitung und lokale Dienstleistungen an, um auf dem westafrikanischen Markt Fu\u00df zu fassen.<\/li>\n<\/ul>\n<p>[\/vc_column_text][vc_custom_heading text=&#8221;Mehr Informationen zu unseren Leistungen finden Sie hier:&#8221; font_container=&#8221;tag:h4|text_align:left|color:%23183e7a&#8221; google_fonts=&#8221;font_family:Roboto%3A100%2C100italic%2C300%2C300italic%2Cregular%2Citalic%2C500%2C500italic%2C700%2C700italic%2C900%2C900italic&#8221;]<style type=\"text\/css\" data-type=\"the7_shortcodes-inline-css\">#default-btn-f50b02236ddb3fa6ca25703505be6604.ico-right-side > i {\n  margin-right: 0px;\n  margin-left: 8px;\n}\n#default-btn-f50b02236ddb3fa6ca25703505be6604 > i {\n  margin-right: 8px;\n}\n<\/style><a href=\"http:\/\/delphinco.com\/?page_id=7\" class=\"default-btn-shortcode dt-btn dt-btn-l fadeIn animate-element animation-builder link-hover-off btn-inline-left  vc_custom_1580473392299\" id=\"default-btn-f50b02236ddb3fa6ca25703505be6604\"><span>zu unseren Leistungen&#8230;<\/span><\/a>[\/vc_column][\/vc_row][vc_row full_width=&#8221;stretch_row&#8221; equal_height=&#8221;yes&#8221; bg_type=&#8221;bg_color&#8221; bg_override=&#8221;full&#8221; css=&#8221;.vc_custom_1586421251864{margin-bottom: 15px !important;padding-bottom: 5px !important;background-position: center !important;background-repeat: no-repeat !important;background-size: contain !important;}&#8221; bg_color_value=&#8221;#3d79bd&#8221;][vc_column]<div id=\"ultimate-heading-595669eb00eedaf59\" class=\"uvc-heading ult-adjust-bottom-margin ultimate-heading-595669eb00eedaf59 uvc-7430 text_center\" data-hspacer=\"no_spacer\"  data-halign=\"left\" style=\"text-align:left\"><div class=\"uvc-heading-spacer no_spacer\" style=\"top\"><\/div><div class=\"uvc-main-heading ult-responsive\"  data-ultimate-target='.uvc-heading.ultimate-heading-595669eb00eedaf59 h2'  data-responsive-json-new='{\"font-size\":\"desktop:30px;tablet:30px;tablet_portrait:28px;mobile_landscape:28px;mobile:26px;\",\"line-height\":\"\"}' ><h2 style=\"font-family:&#039;Roboto&#039;;font-weight:500;color:#ffffff;margin-top:20px;\">Haben wir Ihr Interesse geweckt?<\/h2><\/div><div class=\"uvc-sub-heading ult-responsive\"  data-ultimate-target='.uvc-heading.ultimate-heading-595669eb00eedaf59 .uvc-sub-heading '  data-responsive-json-new='{\"font-size\":\"desktop:25px;tablet:25px;tablet_portrait:25px;mobile_landscape:25px;mobile:25px;\",\"line-height\":\"\"}'  style=\"font-family:&#039;Roboto&#039;;font-weight:normal;color:#ffffff;\">Dann kontaktieren Sie uns&#8230;<\/div><\/div>[vc_empty_space height=&#8221;30px&#8221;][\/vc_column][vc_column width=&#8221;1\/4&#8243;]<div class=\"aio-icon-component   text_center style_1\"><div id=\"Info-box-wrap-4165\" class=\"aio-icon-box left-icon\" style=\"\"  ><div class=\"aio-icon-left\"><div class=\"ult-just-icon-wrapper  \"><div class=\"align-icon\" style=\"text-align:center;\">\n<div class=\"aio-icon none \"  style=\"color:#ffffff;font-size:25px;display:inline-block;\">\n\t<i class=\"icomoon-the7-font-the7-phone-05\"><\/i>\n<\/div><\/div><\/div><\/div><div class=\"aio-ibd-block\"><div class=\"aio-icon-description ult-responsive\"  data-ultimate-target='#Info-box-wrap-4165 .aio-icon-description'  data-responsive-json-new='{\"font-size\":\"desktop:20px;tablet:20px;tablet_portrait:18px;mobile_landscape:18px;mobile:18px;\",\"line-height\":\"\"}'  style=\"font-family:&#039;Roboto&#039;;color:#ffffff;\">07221 \/ 9954938<\/div> <!-- description --><\/div> <!-- aio-ibd-block --><\/div> <!-- aio-icon-box --><\/div> <!-- aio-icon-component --><div class=\"aio-icon-component   text_center style_1\"><div id=\"Info-box-wrap-6375\" class=\"aio-icon-box left-icon\" style=\"\"  ><div class=\"aio-icon-left\"><div class=\"ult-just-icon-wrapper  \"><div class=\"align-icon\" style=\"text-align:center;\">\n<div class=\"aio-icon none \"  style=\"color:#ffffff;font-size:25px;display:inline-block;\">\n\t<i class=\"icomoon-the7-font-the7-mail-01\"><\/i>\n<\/div><\/div><\/div><\/div><div class=\"aio-ibd-block\"><div class=\"aio-icon-description ult-responsive\"  data-ultimate-target='#Info-box-wrap-6375 .aio-icon-description'  data-responsive-json-new='{\"font-size\":\"desktop:20px;tablet:20px;tablet_portrait:18px;mobile_landscape:18px;mobile:18px;\",\"line-height\":\"\"}'  style=\"font-family:&#039;Roboto&#039;;color:#ffffff;\"><span style=\"color: #ffffff;\"><a style=\"color: #ffffff;\" href=\"mailto:services@delphinco.com\">services@delphinco.com<\/a><\/span><\/div> <!-- description --><\/div> <!-- aio-ibd-block --><\/div> <!-- aio-icon-box --><\/div> <!-- aio-icon-component -->[\/vc_column][vc_column width=&#8221;1\/4&#8243; css=&#8221;.vc_custom_1585904123208{margin-left: -50px !important;}&#8221; el_class=&#8221;kontakt&#8221;][\/vc_column][\/vc_row]<\/p>\n","protected":false},"excerpt":{"rendered":"<p>[vc_row][vc_column offset=&#8221;vc_hidden-md vc_hidden-sm vc_hidden-xs&#8221;][vc_raw_html]JTVCcmV2X3NsaWRlciUyMGFsaWFzJTNEJTIydGhlNy1zb2Z0d2FyZS1jb21wYW55LXNsaWRlcjUlMjIlNUQlNUIlMkZyZXZfc2xpZGVyJTVE[\/vc_raw_html][\/vc_column][\/vc_row][vc_row][vc_column offset=&#8221;vc_hidden-lg&#8221;][vc_raw_html]JTVCcmV2X3NsaWRlciUyMGFsaWFzJTNEJTIyc2xpZGVyLXN0YXItbW9iaWwlMjIlNUQ=[\/vc_raw_html][\/vc_column][\/vc_row][vc_row css=&#8221;.vc_custom_1581004024924{background-color: #f4f4f4 !important;background-position: center !important;background-repeat: no-repeat !important;background-size: contain !important;}&#8221; el_class=&#8221;box_padding box_size_2&#8243;][vc_column][vc_empty_space height=&#8221;30&#8243;][vc_empty_space height=&#8221;25px&#8221;][vc_column_text el_class=&#8221;text_mobil&#8221;]Delphinco ist ein Anbieter von Beratungs-, Technologie- und Ingenieurdienstleistungen mit \u00fcber 30 Jahren Erfahrung aus grenz\u00fcbergreifenden Projekten in unterschiedlichen Branchen. Wir begleiten Unternehmen partnerschaftlich, zugleich aber professionell und effizient in folgenden Bereichen:[\/vc_column_text][vc_column_text el_class=&#8221;list_style text_mobil&#8221;] Business Transformation &amp;&hellip;<\/p>\n","protected":false},"author":8,"featured_media":0,"parent":0,"menu_order":0,"comment_status":"closed","ping_status":"closed","template":"","meta":{"inline_featured_image":false},"aioseo_notices":[],"_links":{"self":[{"href":"https:\/\/www.delphinco.com\/index.php?rest_route=\/wp\/v2\/pages\/592"}],"collection":[{"href":"https:\/\/www.delphinco.com\/index.php?rest_route=\/wp\/v2\/pages"}],"about":[{"href":"https:\/\/www.delphinco.com\/index.php?rest_route=\/wp\/v2\/types\/page"}],"author":[{"embeddable":true,"href":"https:\/\/www.delphinco.com\/index.php?rest_route=\/wp\/v2\/users\/8"}],"replies":[{"embeddable":true,"href":"https:\/\/www.delphinco.com\/index.php?rest_route=%2Fwp%2Fv2%2Fcomments&post=592"}],"version-history":[{"count":777,"href":"https:\/\/www.delphinco.com\/index.php?rest_route=\/wp\/v2\/pages\/592\/revisions"}],"predecessor-version":[{"id":6389,"href":"https:\/\/www.delphinco.com\/index.php?rest_route=\/wp\/v2\/pages\/592\/revisions\/6389"}],"wp:attachment":[{"href":"https:\/\/www.delphinco.com\/index.php?rest_route=%2Fwp%2Fv2%2Fmedia&parent=592"}],"curies":[{"name":"wp","href":"https:\/\/api.w.org\/{rel}","templated":true}]}}